{"id":31,"date":"2017-09-04T12:45:26","date_gmt":"2017-09-04T12:45:26","guid":{"rendered":"http:\/\/www.perito.cat\/?page_id=31"},"modified":"2018-04-13T12:24:14","modified_gmt":"2018-04-13T12:24:14","slug":"inteligencia-de-credibilidad-analistas-sobre-credibilidad","status":"publish","type":"page","link":"https:\/\/www.perito.cat\/index.php\/servicios\/inteligencia-de-credibilidad-analistas-sobre-credibilidad\/","title":{"rendered":"Analistas de Credibilidad"},"content":{"rendered":"<h3>Necesita saber si un comportamiento es sincero, detectar una mentira, determinar un posible culpable de una infracci\u00f3n, mediante el propio comportamiento de la persona esclareceremos la verdad.<\/h3>\n<h3>El m\u00e9todo de prueba imprescindible para confirmar la honestidad de un testigo, informador, socio, trabajador, amigo o familiar.<\/h3>\n<p style=\"text-align: center;\"><a href=\"http:\/\/www.perito.cat\/index.php\/servicios\/inteligencia-de-credibilidad-analistas-sobre-credibilidad\/\"><img loading=\"lazy\" class=\"alignnone size-full wp-image-686\" src=\"http:\/\/www.perito.cat\/wp-content\/uploads\/2018\/04\/ico_3.png\" alt=\"\" width=\"100\" height=\"100\" \/><\/a><\/p>\n<h4 style=\"text-align: center;\">Detecci\u00f3n de Mentiras<\/h4>\n<p>Si se encuentra en la situaci\u00f3n de poseer informaci\u00f3n que no sabe si es verdadera. Si cree que un testigo, informador, trabajador, socio, familiar o amigo le est\u00e1 ocultando informaci\u00f3n, no dice la verdad. Si desea saber si un comportamiento es honesto o tiene una segunda intenci\u00f3n en busca de beneficio.<\/p>\n<p style=\"text-align: center;\"><a href=\"http:\/\/www.perito.cat\/index.php\/servicios\/inteligencia-de-credibilidad-analistas-sobre-credibilidad\/\"><img loading=\"lazy\" class=\"alignnone size-full wp-image-686\" src=\"http:\/\/www.perito.cat\/wp-content\/uploads\/2018\/04\/ico_3.png\" alt=\"\" width=\"100\" height=\"100\" \/><\/a><\/p>\n<h4 style=\"text-align: center;\">Analista de Comportamiento en Videograbaciones<\/h4>\n<p>Analizamos grabaciones de c\u00e1mara ocultas, CCTV, c\u00e1maras domesticas, c\u00e1maras deportivas, c\u00e1maras profesionales, Smartphone, para determinar las emociones, motivaciones, pensamiento sobre la informaci\u00f3n que se est\u00e1 ocultando, el suceso que se desea aclarar y reconducir una investigaci\u00f3n, entrevista o interrogatorio.<\/p>\n<p style=\"text-align: center;\"><a href=\"http:\/\/www.perito.cat\/index.php\/servicios\/detectives-analista-detectives-privados\/\"><img loading=\"lazy\" class=\"alignnone size-full wp-image-687\" src=\"http:\/\/www.perito.cat\/wp-content\/uploads\/2018\/04\/ico_3.png\" alt=\"\" width=\"100\" height=\"100\" \/><\/a><\/p>\n<h4 style=\"text-align: center;\">Analista de comportamiento en menores:<\/h4>\n<p>Ayudamos a comprender el comportamiento de un joven, su motivaci\u00f3n y cambios de actitud, para entender el estado psicoemocional y ayudar a la mediaci\u00f3n, trato con sus familiares y entorno social.<\/p>\n<p style=\"text-align: center;\"><a href=\"http:\/\/www.perito.cat\/index.php\/servicios\/inteligencia-de-credibilidad-analistas-sobre-credibilidad\/\"><img loading=\"lazy\" class=\"alignnone size-full wp-image-686\" src=\"http:\/\/www.perito.cat\/wp-content\/uploads\/2018\/04\/ico_3.png\" alt=\"\" width=\"100\" height=\"100\" \/><\/a><\/p>\n<h4 style=\"text-align: center;\">Mediaci\u00f3n en Comunicaci\u00f3n<\/h4>\n<p>Ayudamos a comprender el comportamiento de un extranjero con cultura diferente a la occidental, mediante su comportamiento y gestos culturales.<\/p>\n<p style=\"text-align: center;\"><a href=\"http:\/\/www.perito.cat\/index.php\/servicios\/inteligencia-de-credibilidad-analistas-sobre-credibilidad\/\"><img loading=\"lazy\" class=\"alignnone size-full wp-image-686\" src=\"http:\/\/www.perito.cat\/wp-content\/uploads\/2018\/04\/ico_3.png\" alt=\"\" width=\"100\" height=\"100\" \/><\/a><\/p>\n<h4 style=\"text-align: center;\">Entrevistas con Testigos o Informadores<\/h4>\n<p>Mediante la t\u00e9cnica de la entrevista obtenemos informaci\u00f3n para determinar si es verdad lo que se est\u00e1 verbalizando.<\/p>\n<p style=\"text-align: center;\"><a href=\"http:\/\/www.perito.cat\/index.php\/servicios\/inteligencia-de-credibilidad-analistas-sobre-credibilidad\/\"><img loading=\"lazy\" class=\"alignnone size-full wp-image-686\" src=\"http:\/\/www.perito.cat\/wp-content\/uploads\/2018\/04\/ico_3.png\" alt=\"\" width=\"100\" height=\"100\" \/><\/a><\/p>\n<h4 style=\"text-align: center;\">Valoraci\u00f3n Credibilidad enSiniestros con seguros<\/h4>\n<p>Analizamos las declaraciones de los implicados en un siniestro cubierto mediante una p\u00f3liza de seguro, para verificar la realidad del suceso.<\/p>\n<p style=\"text-align: center;\"><a href=\"http:\/\/www.perito.cat\/index.php\/servicios\/inteligencia-de-credibilidad-analistas-sobre-credibilidad\/\"><img loading=\"lazy\" class=\"alignnone size-full wp-image-686\" src=\"http:\/\/www.perito.cat\/wp-content\/uploads\/2018\/04\/ico_3.png\" alt=\"\" width=\"100\" height=\"100\" \/><\/a><\/p>\n<h4 style=\"text-align: center;\">Auditor de Entrevistas en RRHHpara Alto Rango<\/h4>\n<p>Auditamos a departamentos de RRHH en las entrevistas laborales para altos directivos con el objetivo de verificar la idoneidad al puesto de trabajo, las competencias, la compatibilidad con los socios y certificar la trayectoria profesional.<\/p>\n<p style=\"text-align: center;\"><a href=\"http:\/\/www.perito.cat\/index.php\/servicios\/inteligencia-de-credibilidad-analistas-sobre-credibilidad\/\"><img loading=\"lazy\" class=\"alignnone size-full wp-image-686\" src=\"http:\/\/www.perito.cat\/wp-content\/uploads\/2018\/04\/ico_3.png\" alt=\"\" width=\"100\" height=\"100\" \/><\/a><\/p>\n<h4 style=\"text-align: center;\">Analista de Negociaciones Viables<\/h4>\n<p>Acompa\u00f1amos a socios-directivos durante una reuni\u00f3n ejecutiva para determinar si las negociaciones se centran en los objetivos fijados y si se aceptar\u00e1n los pactos establecidos.<\/p>\n<p style=\"text-align: center;\"><a href=\"http:\/\/www.perito.cat\/index.php\/servicios\/inteligencia-de-credibilidad-analistas-sobre-credibilidad\/\"><img loading=\"lazy\" class=\"alignnone size-full wp-image-686\" src=\"http:\/\/www.perito.cat\/wp-content\/uploads\/2018\/04\/ico_3.png\" alt=\"\" width=\"100\" height=\"100\" \/><\/a><\/p>\n<h4 style=\"text-align: center;\">Conducci\u00f3n de Interrogatorios<\/h4>\n<p>Estudiamos cada caso para proponer la t\u00e9cnica m\u00e1s adecuada a seguir, acompa\u00f1amos, guiamos en todo el proceso para conseguir el objetivo perseguido.<\/p>\n<p style=\"text-align: center;\"><a href=\"http:\/\/www.perito.cat\/index.php\/servicios\/detectives-analista-detectives-privados\/\"><img loading=\"lazy\" class=\"alignnone size-full wp-image-687\" src=\"http:\/\/www.perito.cat\/wp-content\/uploads\/2018\/04\/ico_3.png\" alt=\"\" width=\"100\" height=\"100\" \/><\/a><\/p>\n<h4 style=\"text-align: center;\">Asesoramiento T\u00e9cnico sobre Comportamiento Fraudulento:<\/h4>\n<p>Asesoramos sobre el comportamiento de una persona o grupo en la investigaci\u00f3n contra el fraude, para determinar qu\u00e9 m\u00e9todo seguir y esclarecer la verdad del hecho dentro el \u00e1mbito mercantil, laboral, jur\u00eddico, bancario y familiar.<\/p>\n<p>Cons\u00faltenos, mediante el comportamiento de sus interlocutores determinaremos si existe veracidad en la informaci\u00f3n, si una actitud es sincera o si adem\u00e1s de que le expliquen falsedades su interlocutor se cree su propia mentira.<\/p>\n<p><!-- cb4454803ec0cd6b87be373b5bdc0883 --><\/p>\n","protected":false},"excerpt":{"rendered":"<p>Necesita saber si un comportamiento es sincero, detectar una mentira, determinar un posible culpable de una infracci\u00f3n, mediante el propio comportamiento de la persona esclareceremos la verdad.<br \/>\nEl m\u00e9todo de prueba imprescindible para confirmar la honestidad de un testigo, informador, <\/p>\n","protected":false},"author":1,"featured_media":0,"parent":26,"menu_order":0,"comment_status":"closed","ping_status":"closed","template":"","meta":[],"_links":{"self":[{"href":"https:\/\/www.perito.cat\/index.php\/wp-json\/wp\/v2\/pages\/31"}],"collection":[{"href":"https:\/\/www.perito.cat\/index.php\/wp-json\/wp\/v2\/pages"}],"about":[{"href":"https:\/\/www.perito.cat\/index.php\/wp-json\/wp\/v2\/types\/page"}],"author":[{"embeddable":true,"href":"https:\/\/www.perito.cat\/index.php\/wp-json\/wp\/v2\/users\/1"}],"replies":[{"embeddable":true,"href":"https:\/\/www.perito.cat\/index.php\/wp-json\/wp\/v2\/comments?post=31"}],"version-history":[{"count":23,"href":"https:\/\/www.perito.cat\/index.php\/wp-json\/wp\/v2\/pages\/31\/revisions"}],"predecessor-version":[{"id":1073,"href":"https:\/\/www.perito.cat\/index.php\/wp-json\/wp\/v2\/pages\/31\/revisions\/1073"}],"up":[{"embeddable":true,"href":"https:\/\/www.perito.cat\/index.php\/wp-json\/wp\/v2\/pages\/26"}],"wp:attachment":[{"href":"https:\/\/www.perito.cat\/index.php\/wp-json\/wp\/v2\/media?parent=31"}],"curies":[{"name":"wp","href":"https:\/\/api.w.org\/{rel}","templated":true}]}}