{"id":1087,"date":"2022-04-27T11:04:59","date_gmt":"2022-04-27T11:04:59","guid":{"rendered":"https:\/\/www.perito.cat\/?page_id=1087"},"modified":"2022-04-27T11:05:00","modified_gmt":"2022-04-27T11:05:00","slug":"qui-som","status":"publish","type":"page","link":"https:\/\/www.perito.cat\/index.php\/qui-som\/","title":{"rendered":"Qui som"},"content":{"rendered":"\n<p>Perito.cat est\u00e1 formado por un equipo de expertos en cada especialidad, con dilata experiencia, conocimiento y constante formaci\u00f3n, por eso escogernos como herramienta es la mejor decisi\u00f3n que tomar\u00e1 para obtener las respuestas adecuadas a sus dudas.<\/p>\n\n\n\n<p>Perito.cat est\u00e1 avalado por la experiencia, profesionalidad y cercan\u00eda de la CEO Esther G\u00f3mez, Directora General Con licencia oficial expedida por el ministerio del interior n\u00ba 2311.<\/p>\n\n\n\n<p>Detective Privado, perito judicial, experta en detecci\u00f3n de fraude, especializada en expresi\u00f3n corporal y microexpresiones para el an\u00e1lisis de la conducta, conferenciante en comunicaci\u00f3n, lenguaje no verbal, investigaci\u00f3n y criminolog\u00eda, docente universitaria en credibilidad y detecci\u00f3n de la mentira, investigadora cient\u00edfica en grafoscopia, colaboradora en Behavior and Law Journal, colaboradora en DCNews revista digital, colaboradora de la Junta de Gobierno del Col\u00b7legi Oficial de Detectius &nbsp;Privats de Catalunya, presidenta del Club Perits de Alumni UB, Secretaria de ACEGS \u201cAssociaci\u00f3 especialistes en per\u00edcia cal\u00b7ligr\u00e0fica\u201d, colegiada n\u00ba 524 de CODPCAT \u201cColegio Oficial de Detectives Privados de Catalunya\u201d, miembro de WAD \u201cWorld Association of Detectives\u201d, miembro de ACONVE \u201cAsociaci\u00f3n de Analistas Expertos en Comportamiento No Verbal\u201d, miembro de CISEG \u201cComunidad de inteligencia y seguridad global\u201d.<\/p>\n","protected":false},"excerpt":{"rendered":"<p>\nPerito.cat est\u00e1 formado por un equipo de expertos en cada especialidad, con dilata experiencia, conocimiento y constante formaci\u00f3n, por eso escogernos como herramienta es la mejor decisi\u00f3n que tomar\u00e1 para obtener las respuestas adecuadas a sus dudas.<\/p>\n<p><br \n<\/p>\n","protected":false},"author":1,"featured_media":0,"parent":0,"menu_order":0,"comment_status":"closed","ping_status":"closed","template":"","meta":[],"_links":{"self":[{"href":"https:\/\/www.perito.cat\/index.php\/wp-json\/wp\/v2\/pages\/1087"}],"collection":[{"href":"https:\/\/www.perito.cat\/index.php\/wp-json\/wp\/v2\/pages"}],"about":[{"href":"https:\/\/www.perito.cat\/index.php\/wp-json\/wp\/v2\/types\/page"}],"author":[{"embeddable":true,"href":"https:\/\/www.perito.cat\/index.php\/wp-json\/wp\/v2\/users\/1"}],"replies":[{"embeddable":true,"href":"https:\/\/www.perito.cat\/index.php\/wp-json\/wp\/v2\/comments?post=1087"}],"version-history":[{"count":1,"href":"https:\/\/www.perito.cat\/index.php\/wp-json\/wp\/v2\/pages\/1087\/revisions"}],"predecessor-version":[{"id":1088,"href":"https:\/\/www.perito.cat\/index.php\/wp-json\/wp\/v2\/pages\/1087\/revisions\/1088"}],"wp:attachment":[{"href":"https:\/\/www.perito.cat\/index.php\/wp-json\/wp\/v2\/media?parent=1087"}],"curies":[{"name":"wp","href":"https:\/\/api.w.org\/{rel}","templated":true}]}}