{"id":1056,"date":"2018-04-13T11:24:09","date_gmt":"2018-04-13T11:24:09","guid":{"rendered":"http:\/\/www.perito.cat\/?page_id=1056"},"modified":"2018-04-13T11:50:01","modified_gmt":"2018-04-13T11:50:01","slug":"investigacion-familiar-particular","status":"publish","type":"page","link":"https:\/\/www.perito.cat\/index.php\/servicios\/detectives-analista-detectives-privados\/investigacion-familiar-particular\/","title":{"rendered":"Investigaci\u00f3n Familiar Particular"},"content":{"rendered":"<h2 style=\"text-align: center;\">Investigaci\u00f3n Familiar Particular<\/h2>\n<p style=\"text-align: center;\">Actuamos para prevenir y proteger contra la violencia intrafamiliar.<\/p>\n<p> <img loading=\"lazy\" class=\"alignnone size-full wp-image-687\" src=\"http:\/\/www.perito.cat\/wp-content\/uploads\/2018\/04\/ico_2.png\" alt=\"\" width=\"100\" height=\"100\" \/><\/p>\n<h3 style=\"text-align: center;\">Violencia Dom\u00e9stica<\/h3>\n<p>Prevenimos y protegemos contra agresiones intrafamiliares.<\/p>\n<p>Confirmaci\u00f3n de la situaci\u00f3n de maltrato.Cumplimiento de la sentencia judicial. Quebranto de condena, orden de alejamiento. Violencia psicol\u00f3gicaViolencia contra los adultos mayoresViolencia contra la mujer en la parejaViolencia contra el hombre en la parejaViolencia contra los ni\u00f1osViolencia filio-parentalViolencia contra el adolescente<br \/>\n <img loading=\"lazy\" class=\"alignnone size-full wp-image-687\" src=\"http:\/\/www.perito.cat\/wp-content\/uploads\/2018\/04\/ico_2.png\" alt=\"\" width=\"100\" height=\"100\" \/><\/p>\n<h3 style=\"text-align: center;\">Investigaci\u00f3n Familiar<\/h3>\n<p>Aportamos pruebas para acciones relacionadas con el entorno familiar.<\/p>\n<p>Herencias.Bienes e ingresos. Desaparici\u00f3n de bienes.Localizaci\u00f3n de personas y bienes.Informes sobre conducta de familiares. Dependencias, ludopat\u00eda, sectas.<br \/>\n <img loading=\"lazy\" class=\"alignnone size-full wp-image-687\" src=\"http:\/\/www.perito.cat\/wp-content\/uploads\/2018\/04\/ico_2.png\" alt=\"\" width=\"100\" height=\"100\" \/><\/p>\n<h3 style=\"text-align: center;\">Investigaci\u00f3n Conyugal<\/h3>\n<p>Obtenemos pruebas para acciones relacionadas con el entorno de pareja y matrimonial.<\/p>\n<p>Informes Prematrimoniales.Separaci\u00f3n y divorcios. Verificaci\u00f3n cumplimiento del convenio regulador de separaci\u00f3n o medidas de la sentencia de divorcio.Bienes e ingresos.Infidelidades.Custodia de hijos. Control sobre el comportamiento en la custodia de los hijos.<br \/>\n <img loading=\"lazy\" class=\"alignnone size-full wp-image-687\" src=\"http:\/\/www.perito.cat\/wp-content\/uploads\/2018\/04\/ico_2.png\" alt=\"\" width=\"100\" height=\"100\" \/><\/p>\n<h3 style=\"text-align: center;\">Investigaci\u00f3n sobre menores<\/h3>\n<p>Actuamos para prevenir en el \u00e1mbito de los menores, adolescentes y j\u00f3venes. <\/p>\n<p>Control de menores. Por comportamientos extra\u00f1os, malas compa\u00f1\u00edas o bajo rendimiento escolar.Bullying. Verificaci\u00f3n de acoso escolar, maltrato psicol\u00f3gico, verbal o f\u00edsico entre compa\u00f1eros de escuela, actividades extraescolares o del barrio.Ciberbullying. Verificaci\u00f3n de acoso por internet, m\u00f3vil, videojuegos o mensajer\u00eda.Grooming o Sexting. Verificaci\u00f3n de acoso con contenido sexual.<\/p>\n<p><!-- 0e0f75e322c72e5b6c657db8323ab266 --><\/p>\n","protected":false},"excerpt":{"rendered":"<p>Investigaci\u00f3n Familiar Particular<br \/>\nActuamos para prevenir y proteger contra la violencia intrafamiliar.<\/p>\n<p>Violencia Dom\u00e9stica<br \/>\nPrevenimos y protegemos contra agresiones intrafamiliares.<br \/>\nConfirmaci\u00f3n de la situaci\u00f3n de maltrato.Cumplimiento de la sentencia judicial. Quebranto de condena, orden de alejamiento. Violencia psicol\u00f3gicaViolencia <\/p>\n","protected":false},"author":1,"featured_media":0,"parent":33,"menu_order":0,"comment_status":"closed","ping_status":"closed","template":"","meta":[],"_links":{"self":[{"href":"https:\/\/www.perito.cat\/index.php\/wp-json\/wp\/v2\/pages\/1056"}],"collection":[{"href":"https:\/\/www.perito.cat\/index.php\/wp-json\/wp\/v2\/pages"}],"about":[{"href":"https:\/\/www.perito.cat\/index.php\/wp-json\/wp\/v2\/types\/page"}],"author":[{"embeddable":true,"href":"https:\/\/www.perito.cat\/index.php\/wp-json\/wp\/v2\/users\/1"}],"replies":[{"embeddable":true,"href":"https:\/\/www.perito.cat\/index.php\/wp-json\/wp\/v2\/comments?post=1056"}],"version-history":[{"count":2,"href":"https:\/\/www.perito.cat\/index.php\/wp-json\/wp\/v2\/pages\/1056\/revisions"}],"predecessor-version":[{"id":1058,"href":"https:\/\/www.perito.cat\/index.php\/wp-json\/wp\/v2\/pages\/1056\/revisions\/1058"}],"up":[{"embeddable":true,"href":"https:\/\/www.perito.cat\/index.php\/wp-json\/wp\/v2\/pages\/33"}],"wp:attachment":[{"href":"https:\/\/www.perito.cat\/index.php\/wp-json\/wp\/v2\/media?parent=1056"}],"curies":[{"name":"wp","href":"https:\/\/api.w.org\/{rel}","templated":true}]}}